{"id":1645,"date":"2024-01-12T19:02:31","date_gmt":"2024-01-12T18:02:31","guid":{"rendered":"https:\/\/tenerifeebiketours.com\/privacy-policy\/"},"modified":"2024-01-12T19:04:31","modified_gmt":"2024-01-12T18:04:31","slug":"privacy-policy","status":"publish","type":"page","link":"https:\/\/tenerifeebiketours.com\/es\/privacy-policy\/","title":{"rendered":"Pol\u00edtica de Privacidad y Cookies"},"content":{"rendered":"\n<p>Esta Pol\u00edtica de Privacidad y Cookies establece c\u00f3mo usamos y protegemos cualquier informaci\u00f3n que proporciones al usar este sitio web.<\/p>\n\n\n\n<p>Estamos comprometidos a asegurar que tu privacidad est\u00e9 protegida. Si te pedimos que proporciones cierta informaci\u00f3n mediante la cual puedes ser identificado al usar este sitio web, puedes estar seguro de que solo se utilizar\u00e1 de acuerdo con esta declaraci\u00f3n de privacidad.<\/p>\n\n\n\n<p>Qu\u00e9 informaci\u00f3n recopilamos<\/p>\n\n\n\n<p>Podemos recopilar la siguiente informaci\u00f3n:<\/p>\n\n\n\n<p>Nombre y apellidos<\/p>\n\n\n\n<p>Informaci\u00f3n de contacto, como tu direcci\u00f3n de correo electr\u00f3nico y n\u00famero de tel\u00e9fono<\/p>\n\n\n\n<p>Informaci\u00f3n demogr\u00e1fica, como tu c\u00f3digo postal, preferencias e intereses<\/p>\n\n\n\n<p>Otra informaci\u00f3n relevante para encuestas y\/o ofertas.<\/p>\n\n\n\n<p>Qu\u00e9 hacemos con la informaci\u00f3n que recopilamos<\/p>\n\n\n\n<p>Recopilamos esta informaci\u00f3n para entender tus necesidades y brindarte un mejor servicio, y en particular por las siguientes razones:<\/p>\n\n\n\n<p>Mantener registros internos.<\/p>\n\n\n\n<p>Mejorar nuestros productos y servicios.<\/p>\n\n\n\n<p>Enviar correos electr\u00f3nicos promocionales sobre nuevos productos, ofertas especiales u otra informaci\u00f3n que creemos que puede resultarte interesante, utilizando la direcci\u00f3n de correo electr\u00f3nico que has proporcionado.<\/p>\n\n\n\n<p>Seguridad<\/p>\n\n\n\n<p>Estamos comprometidos a asegurar que tu informaci\u00f3n est\u00e9 segura. Para prevenir el acceso o divulgaci\u00f3n no autorizados, hemos implementado procedimientos f\u00edsicos, electr\u00f3nicos y administrativos adecuados para salvaguardar y asegurar la informaci\u00f3n que recopilamos en l\u00ednea.<\/p>\n\n\n\n<p>C\u00f3mo usamos las cookies<\/p>\n\n\n\n<p>Una cookie es un peque\u00f1o archivo que pide permiso para ser colocado en el disco duro de tu computadora. Una vez que aceptas, el archivo se agrega y la cookie ayuda a analizar el tr\u00e1fico web o te avisa cuando visitas un sitio en particular. Las cookies permiten que las aplicaciones web te respondan como individuo. La aplicaci\u00f3n web puede adaptar sus operaciones a tus necesidades, gustos y disgustos al recopilar y recordar informaci\u00f3n sobre tus preferencias.<\/p>\n\n\n\n<p>Usamos cookies de registro de tr\u00e1fico para identificar qu\u00e9 p\u00e1ginas se est\u00e1n utilizando. Esto nos ayuda a analizar datos sobre el tr\u00e1fico de la p\u00e1gina web y mejorar nuestro sitio web para adaptarlo a las necesidades del cliente. Solo usamos esta informaci\u00f3n para fines de an\u00e1lisis estad\u00edstico y luego los datos se eliminan del sistema.<\/p>\n\n\n\n<p>En general, las cookies nos ayudan a brindarte un sitio web mejor, al permitirnos monitorear qu\u00e9 p\u00e1ginas encuentras \u00fatiles y cu\u00e1les no. Una cookie de ninguna manera nos da acceso a tu computadora o cualquier informaci\u00f3n sobre ti, aparte de los datos que eliges compartir con nosotros.<\/p>\n\n\n\n<p>Puedes elegir aceptar o rechazar las cookies. La mayor\u00eda de los navegadores web aceptan cookies autom\u00e1ticamente, pero puedes modificar la configuraci\u00f3n de tu navegador para rechazar cookies si lo prefieres. Sin embargo, esto puede impedirte aprovechar al m\u00e1ximo el sitio web.<\/p>\n\n\n\n<p>Enlaces a otros sitios web<\/p>\n\n\n\n<p>Nuestro sitio web puede contener enlaces a otros sitios web de inter\u00e9s. Sin embargo, una vez que hayas utilizado estos enlaces para salir de nuestro sitio, no tenemos control sobre ese otro sitio web. Por lo tanto, no podemos ser responsables de la protecci\u00f3n y privacidad de cualquier informaci\u00f3n que proporciones mientras visitas dichos sitios, y dichos sitios no est\u00e1n gobernados por esta declaraci\u00f3n de privacidad. Debes tener precauci\u00f3n y mirar la declaraci\u00f3n de privacidad aplicable al sitio web en cuesti\u00f3n.<\/p>\n","protected":false},"excerpt":{"rendered":"<p>Esta Pol\u00edtica de Privacidad y Cookies establece c\u00f3mo usamos y [&hellip;]<\/p>\n","protected":false},"author":1,"featured_media":0,"parent":0,"menu_order":0,"comment_status":"closed","ping_status":"closed","template":"","meta":{"_acf_changed":false,"footnotes":""},"class_list":["post-1645","page","type-page","status-publish","hentry"],"acf":[],"_links":{"self":[{"href":"https:\/\/tenerifeebiketours.com\/es\/wp-json\/wp\/v2\/pages\/1645","targetHints":{"allow":["GET"]}}],"collection":[{"href":"https:\/\/tenerifeebiketours.com\/es\/wp-json\/wp\/v2\/pages"}],"about":[{"href":"https:\/\/tenerifeebiketours.com\/es\/wp-json\/wp\/v2\/types\/page"}],"author":[{"embeddable":true,"href":"https:\/\/tenerifeebiketours.com\/es\/wp-json\/wp\/v2\/users\/1"}],"replies":[{"embeddable":true,"href":"https:\/\/tenerifeebiketours.com\/es\/wp-json\/wp\/v2\/comments?post=1645"}],"version-history":[{"count":1,"href":"https:\/\/tenerifeebiketours.com\/es\/wp-json\/wp\/v2\/pages\/1645\/revisions"}],"predecessor-version":[{"id":1647,"href":"https:\/\/tenerifeebiketours.com\/es\/wp-json\/wp\/v2\/pages\/1645\/revisions\/1647"}],"wp:attachment":[{"href":"https:\/\/tenerifeebiketours.com\/es\/wp-json\/wp\/v2\/media?parent=1645"}],"curies":[{"name":"wp","href":"https:\/\/api.w.org\/{rel}","templated":true}]}}