{"id":1644,"date":"2024-01-12T19:02:31","date_gmt":"2024-01-12T18:02:31","guid":{"rendered":"https:\/\/tenerifeebiketours.com\/privacy-policy\/"},"modified":"2024-01-12T19:03:38","modified_gmt":"2024-01-12T18:03:38","slug":"privacy-policy","status":"publish","type":"page","link":"https:\/\/tenerifeebiketours.com\/pl\/privacy-policy\/","title":{"rendered":"Polityka Prywatno\u015bci"},"content":{"rendered":"\n<p>Ta Polityka Prywatno\u015bci i plik\u00f3w cookies okre\u015bla, w jaki spos\u00f3b wykorzystujemy i chronimy wszelkie informacje, kt\u00f3re nam przekazujesz, korzystaj\u0105c z tej strony internetowej.<\/p>\n\n\n\n<p>Jeste\u015bmy zobowi\u0105zani do zapewnienia, \u017ce Twoja prywatno\u015b\u0107 jest chroniona. Je\u015bli prosimy Ci\u0119 o dostarczenie okre\u015blonych informacji, dzi\u0119ki kt\u00f3rym mo\u017cna Ci\u0119 zidentyfikowa\u0107 podczas korzystania z tej strony internetowej, mo\u017cesz by\u0107 pewien, \u017ce zostan\u0105 one u\u017cyte zgodnie z t\u0105 deklaracj\u0105 prywatno\u015bci.<\/p>\n\n\n\n<p>Jakie informacje zbieramy<\/p>\n\n\n\n<p>Mo\u017cemy zbiera\u0107 nast\u0119puj\u0105ce informacje:<\/p>\n\n\n\n<p>Imi\u0119 i nazwisko<\/p>\n\n\n\n<p>Informacje kontaktowe, takie jak adres e-mail i numer telefonu<\/p>\n\n\n\n<p>Informacje demograficzne, takie jak kod pocztowy, preferencje i zainteresowania<\/p>\n\n\n\n<p>Inne istotne informacje do cel\u00f3w ankiet i\/lub ofert.<\/p>\n\n\n\n<p>Jak wykorzystujemy zebrane informacje<\/p>\n\n\n\n<p>Zbieramy te informacje, aby zrozumie\u0107 Twoje potrzeby i zapewni\u0107 Ci lepsz\u0105 obs\u0142ug\u0119, w szczeg\u00f3lno\u015bci z nast\u0119puj\u0105cych powod\u00f3w:<\/p>\n\n\n\n<p>Utrzymywanie wewn\u0119trznych rejestr\u00f3w.<\/p>\n\n\n\n<p>Doskonalenie naszych produkt\u00f3w i us\u0142ug.<\/p>\n\n\n\n<p>Wysy\u0142anie wiadomo\u015bci e-mail promocyjnych dotycz\u0105cych nowych produkt\u00f3w, specjalnych ofert lub innych informacji, kt\u00f3re mog\u0105 Ci\u0119 zainteresowa\u0107, korzystaj\u0105c z adresu e-mail, kt\u00f3ry poda\u0142e\u015b.<\/p>\n\n\n\n<p>Bezpiecze\u0144stwo<\/p>\n\n\n\n<p>Zobowi\u0105zujemy si\u0119 do zapewnienia bezpiecze\u0144stwa Twoich informacji. Aby zapobiec nieautoryzowanemu dost\u0119powi lub ujawnieniu, wdro\u017cyli\u015bmy odpowiednie procedury fizyczne, elektroniczne i zarz\u0105dzania w celu ochrony i zabezpieczenia informacji, kt\u00f3re zbieramy online.<\/p>\n\n\n\n<p>Jak wykorzystujemy pliki cookies<\/p>\n\n\n\n<p>Plik cookie to ma\u0142y plik, kt\u00f3ry prosi o zgod\u0119 na umieszczenie go na twardym dysku Twojego komputera. Po zaakceptowaniu plik zostaje dodany, a plik cookie pomaga analizowa\u0107 ruch na stronie internetowej lub informuje Ci\u0119, kiedy odwiedzasz okre\u015blon\u0105 witryn\u0119. Pliki cookies pozwalaj\u0105 aplikacjom internetowym reagowa\u0107 na Ciebie jako osob\u0119 indywidualn\u0105. Aplikacja internetowa mo\u017ce dostosowa\u0107 swoje dzia\u0142ania do Twoich potrzeb, upodoba\u0144 i antypatii, gromadz\u0105c i zapami\u0119tuj\u0105c informacje o Twoich preferencjach.<\/p>\n\n\n\n<p>U\u017cywamy plik\u00f3w cookie do identyfikowania, kt\u00f3re strony s\u0105 u\u017cywane. Pomaga nam to analizowa\u0107 dane dotycz\u0105ce ruchu na stronach internetowych i dostosowywa\u0107 nasz\u0105 stron\u0119 internetow\u0105 do potrzeb klient\u00f3w. Te informacje wykorzystujemy tylko do cel\u00f3w analizy statystycznej, a nast\u0119pnie dane zostaj\u0105 usuni\u0119te z systemu.<\/p>\n\n\n\n<p>Og\u00f3lnie rzecz bior\u0105c, pliki cookies pomagaj\u0105 nam dostarczy\u0107 Ci lepszej strony internetowej, umo\u017cliwiaj\u0105c nam monitorowanie, kt\u00f3re strony uwa\u017casz za przydatne, a kt\u00f3re nie. Plik cookie w \u017cadnym wypadku nie daje nam dost\u0119pu do Twojego komputera ani do \u017cadnych informacji na Tw\u00f3j temat, poza danymi, kt\u00f3re zdecydujesz si\u0119 nam udost\u0119pni\u0107.<\/p>\n\n\n\n<p>Mo\u017cesz wybra\u0107, czy akceptowa\u0107 czy odrzuca\u0107 pliki cookies. Wi\u0119kszo\u015b\u0107 przegl\u0105darek internetowych automatycznie akceptuje pliki cookies, ale mo\u017cesz zmodyfikowa\u0107 ustawienia przegl\u0105darki, aby odrzuca\u0107 pliki cookies, je\u015bli wolisz. Jednak mo\u017ce to uniemo\u017cliwi\u0107 Ci pe\u0142ne wykorzystanie strony internetowej.<\/p>\n\n\n\n<p>Linki do innych stron internetowych<\/p>\n\n\n\n<p>Nasza strona internetowa mo\u017ce zawiera\u0107 linki do innych stron internetowych, kt\u00f3re mog\u0105 Ci\u0119 zainteresowa\u0107. Jednak po u\u017cyciu tych link\u00f3w, aby opu\u015bci\u0107 nasz\u0105 stron\u0119, nie mamy kontroli nad t\u0105 inn\u0105 stron\u0105. Dlatego nie mo\u017cemy by\u0107 odpowiedzialni za ochron\u0119 i prywatno\u015b\u0107 informacji, kt\u00f3re podajesz, podczas odwiedzania takich stron, a te strony nie podlegaj\u0105 tej deklaracji prywatno\u015bci. Nale\u017cy zachowa\u0107 ostro\u017cno\u015b\u0107 i zapozna\u0107 si\u0119 z odpowiedni\u0105 deklaracj\u0105 prywatno\u015bci obowi\u0105zuj\u0105c\u0105 na danej stronie internetowej.<\/p>\n","protected":false},"excerpt":{"rendered":"<p>Ta Polityka Prywatno\u015bci i plik\u00f3w cookies okre\u015bla, w jaki spos\u00f3b [&hellip;]<\/p>\n","protected":false},"author":1,"featured_media":0,"parent":0,"menu_order":0,"comment_status":"closed","ping_status":"closed","template":"","meta":{"_acf_changed":false,"footnotes":""},"class_list":["post-1644","page","type-page","status-publish","hentry"],"acf":[],"_links":{"self":[{"href":"https:\/\/tenerifeebiketours.com\/pl\/wp-json\/wp\/v2\/pages\/1644","targetHints":{"allow":["GET"]}}],"collection":[{"href":"https:\/\/tenerifeebiketours.com\/pl\/wp-json\/wp\/v2\/pages"}],"about":[{"href":"https:\/\/tenerifeebiketours.com\/pl\/wp-json\/wp\/v2\/types\/page"}],"author":[{"embeddable":true,"href":"https:\/\/tenerifeebiketours.com\/pl\/wp-json\/wp\/v2\/users\/1"}],"replies":[{"embeddable":true,"href":"https:\/\/tenerifeebiketours.com\/pl\/wp-json\/wp\/v2\/comments?post=1644"}],"version-history":[{"count":1,"href":"https:\/\/tenerifeebiketours.com\/pl\/wp-json\/wp\/v2\/pages\/1644\/revisions"}],"predecessor-version":[{"id":1646,"href":"https:\/\/tenerifeebiketours.com\/pl\/wp-json\/wp\/v2\/pages\/1644\/revisions\/1646"}],"wp:attachment":[{"href":"https:\/\/tenerifeebiketours.com\/pl\/wp-json\/wp\/v2\/media?parent=1644"}],"curies":[{"name":"wp","href":"https:\/\/api.w.org\/{rel}","templated":true}]}}