{"id":1273,"date":"2023-10-12T11:45:03","date_gmt":"2023-10-12T09:45:03","guid":{"rendered":"https:\/\/tenerifeebiketours.com\/product\/trip-payment\/"},"modified":"2023-10-12T12:58:38","modified_gmt":"2023-10-12T10:58:38","slug":"trip-payment","status":"publish","type":"product","link":"https:\/\/tenerifeebiketours.com\/pl\/bike\/trip-payment\/","title":{"rendered":"P\u0142atno\u015bc za wycieczk\u0119"},"content":{"rendered":"","protected":false},"excerpt":{"rendered":"","protected":false},"featured_media":0,"comment_status":"open","ping_status":"closed","template":"","meta":{"_acf_changed":false},"brands":[],"product_brand":[],"product_cat":[52],"product_tag":[],"class_list":{"0":"post-1273","1":"product","2":"type-product","3":"status-publish","5":"product_cat-trip-pl","7":"first","8":"instock","9":"virtual","10":"purchasable","11":"product-type-simple"},"booking_location":null,"booking_location_type":null,"booking_duration":null,"booking_duration_unit":null,"booking_buffer":null,"booking_cost":null,"booking_resources":null,"acf":[],"_links":{"self":[{"href":"https:\/\/tenerifeebiketours.com\/pl\/wp-json\/wp\/v2\/product\/1273","targetHints":{"allow":["GET"]}}],"collection":[{"href":"https:\/\/tenerifeebiketours.com\/pl\/wp-json\/wp\/v2\/product"}],"about":[{"href":"https:\/\/tenerifeebiketours.com\/pl\/wp-json\/wp\/v2\/types\/product"}],"replies":[{"embeddable":true,"href":"https:\/\/tenerifeebiketours.com\/pl\/wp-json\/wp\/v2\/comments?post=1273"}],"wp:attachment":[{"href":"https:\/\/tenerifeebiketours.com\/pl\/wp-json\/wp\/v2\/media?parent=1273"}],"wp:term":[{"taxonomy":"brands","embeddable":true,"href":"https:\/\/tenerifeebiketours.com\/pl\/wp-json\/wp\/v2\/brands?post=1273"},{"taxonomy":"product_brand","embeddable":true,"href":"https:\/\/tenerifeebiketours.com\/pl\/wp-json\/wp\/v2\/product_brand?post=1273"},{"taxonomy":"product_cat","embeddable":true,"href":"https:\/\/tenerifeebiketours.com\/pl\/wp-json\/wp\/v2\/product_cat?post=1273"},{"taxonomy":"product_tag","embeddable":true,"href":"https:\/\/tenerifeebiketours.com\/pl\/wp-json\/wp\/v2\/product_tag?post=1273"}],"curies":[{"name":"wp","href":"https:\/\/api.w.org\/{rel}","templated":true}]}}